{"id":8773,"date":"2025-04-01T18:43:31","date_gmt":"2025-04-01T21:43:31","guid":{"rendered":"https:\/\/stage-mastersense.fuerzastudio.com\/blog\/"},"modified":"2025-07-04T17:16:07","modified_gmt":"2025-07-04T20:16:07","slug":"blog","status":"publish","type":"page","link":"https:\/\/mastersense.com\/en\/blog\/","title":{"rendered":"Blog"},"content":{"rendered":"\t\t<div data-elementor-type=\"wp-page\" data-elementor-id=\"8773\" class=\"elementor elementor-8773 elementor-4297\" data-elementor-post-type=\"page\">\n\t\t\t\t<div class=\"elementor-element elementor-element-55e742d blog-featured e-flex e-con-boxed e-con e-parent\" data-id=\"55e742d\" data-element_type=\"container\" id=\"blog-featured\">\n\t\t\t\t\t<div class=\"e-con-inner\">\n\t\t<div class=\"elementor-element elementor-element-78cd326 e-con-full e-flex e-con e-child\" data-id=\"78cd326\" data-element_type=\"container\">\n\t\t\t\t<div class=\"elementor-element elementor-element-3754b8f carousel-custom carousel-featured elementor-widget__width-inherit elementor-pagination-type-bullets elementor-arrows-position-inside elementor-pagination-position-outside elementor-widget elementor-widget-loop-carousel\" data-id=\"3754b8f\" data-element_type=\"widget\" id=\"carousel-featured\" data-settings=\"{&quot;template_id&quot;:8789,&quot;slides_to_show&quot;:&quot;1&quot;,&quot;slides_to_show_tablet&quot;:&quot;1&quot;,&quot;image_spacing_custom_tablet&quot;:{&quot;unit&quot;:&quot;px&quot;,&quot;size&quot;:26,&quot;sizes&quot;:[]},&quot;speed&quot;:0,&quot;_skin&quot;:&quot;post&quot;,&quot;slides_to_show_mobile&quot;:&quot;1&quot;,&quot;slides_to_scroll&quot;:&quot;1&quot;,&quot;edit_handle_selector&quot;:&quot;.elementor-loop-container&quot;,&quot;autoplay&quot;:&quot;yes&quot;,&quot;autoplay_speed&quot;:5000,&quot;arrows&quot;:&quot;yes&quot;,&quot;pagination&quot;:&quot;bullets&quot;,&quot;image_spacing_custom&quot;:{&quot;unit&quot;:&quot;px&quot;,&quot;size&quot;:10,&quot;sizes&quot;:[]},&quot;image_spacing_custom_mobile&quot;:{&quot;unit&quot;:&quot;px&quot;,&quot;size&quot;:&quot;&quot;,&quot;sizes&quot;:[]}}\" data-widget_type=\"loop-carousel.post\">\n\t\t\t\t<div class=\"elementor-widget-container\">\n\t\t\t\t\t\t\t<div class=\"e-loop-nothing-found-message\">\n\t\t<\/div>\n\t\t\t\t\t\t<\/div>\n\t\t\t\t<\/div>\n\t\t\t\t<\/div>\n\t\t\t\t\t<\/div>\n\t\t\t\t<\/div>\n\t\t<div class=\"elementor-element elementor-element-feae11e e-flex e-con-boxed e-con e-parent\" data-id=\"feae11e\" data-element_type=\"container\">\n\t\t\t\t\t<div class=\"e-con-inner\">\n\t\t<div class=\"elementor-element elementor-element-f59f157 e-con-full e-flex e-con e-child\" data-id=\"f59f157\" data-element_type=\"container\">\n\t\t<div class=\"elementor-element elementor-element-07b17df e-con-full blog__heading e-flex e-con e-child\" data-id=\"07b17df\" data-element_type=\"container\">\n\t\t\t\t<div class=\"elementor-element elementor-element-2b98b05 elementor-widget elementor-widget-heading\" data-id=\"2b98b05\" data-element_type=\"widget\" data-widget_type=\"heading.default\">\n\t\t\t\t<div class=\"elementor-widget-container\">\n\t\t\t\t\t<p class=\"elementor-heading-title elementor-size-default\">Blog<\/p>\t\t\t\t<\/div>\n\t\t\t\t<\/div>\n\t\t\t\t<div class=\"elementor-element elementor-element-6b18888 elementor-widget elementor-widget-heading\" data-id=\"6b18888\" data-element_type=\"widget\" data-widget_type=\"heading.default\">\n\t\t\t\t<div class=\"elementor-widget-container\">\n\t\t\t\t\t<p class=\"elementor-heading-title elementor-size-default\">blog <span>#master<\/span><\/p>\t\t\t\t<\/div>\n\t\t\t\t<\/div>\n\t\t\t\t<\/div>\n\t\t\t\t<div class=\"elementor-element elementor-element-b364df9 elementor-widget__width-inherit elementor-widget elementor-widget-shortcode\" data-id=\"b364df9\" data-element_type=\"widget\" data-widget_type=\"shortcode.default\">\n\t\t\t\t<div class=\"elementor-widget-container\">\n\t\t\t\t\t\t\t<div class=\"elementor-shortcode\">\n    <div id=\"blog\">\n        <div id=\"blog-filter-container\">\n            <div class='blog__dropdowns'>\n                <span class='blog__filter-by'>\n\t\t\t\t\tFiltrar por\t\t\t\t<\/span>\n                \n                <!-- Filter by Category -->\n                <div class=\"custom-dropdown\" id=\"blog-category-filter-container\">\n                    <button class=\"dropdown-button\" id=\"blog-category-dropdown-button\">\n\t\t\t\t\t\tCategoria                        <svg xmlns=\"http:\/\/www.w3.org\/2000\/svg\" width=\"24\" height=\"24\" fill=\"none\"><path fill=\"currentColor\" d=\"M16.59 8 12 12.58 7.41 8 6 9.41l6 6 6-6L16.59 8Z\"\/><\/svg>\n                    <\/button>\n\t\t\t\t\t<div class=\"dropdown-list-wrapper\">\n\t\t\t\t\t\t<div class=\"dropdown-list\">\n\t\t\t\t\t\t\t\n\t\t\t\t\t\t\t\t<label class='custom-checkbox'>\n\t\t\t\t\t\t\t\t\t<input type='checkbox' tabindex='0' value='1' class='category-filter-option'>\n\t\t\t\t\t\t\t\t\t<span class='custom-checkbox-box'><\/span>\n\t\t\t\t\t\t\t\t\tSem categoria\n\t\t\t\t\t\t\t\t<\/label>\t\t\t\t\t\t<\/div>\n\t\t\t\t\t<\/div>\n                <\/div>\n\n                <!-- Filter by Month -->\n\t\t\t\t<div class=\"custom-dropdown custom-dropdown-list\" id=\"blog-month-filter-container\">\n\t\t\t\t\t<button class=\"dropdown-button\">\n\t\t\t\t\t\tM\u00eas\t\t\t\t\t\t<svg xmlns=\"http:\/\/www.w3.org\/2000\/svg\" width=\"24\" height=\"24\" fill=\"none\">\n\t\t\t\t\t\t\t<path fill=\"currentColor\" d=\"M16.59 8 12 12.58 7.41 8 6 9.41l6 6 6-6L16.59 8Z\"\/>\n\t\t\t\t\t\t<\/svg>\n\t\t\t\t\t<\/button>\n\t\t\t\t\t<div class=\"dropdown-list-wrapper\">\n\t\t\t\t\t<div class=\"dropdown-list\">\n\t\t\t\t\t\t<div class='dropdown-list__month custom-dropdown-list__list'>\n\t\t\t\t\t\t\t\t\t\t\t\t\t<\/div>\n\n\t\t\t\t\t\t\t\t\t\t\t<\/div>\n\t\t\t\t<\/div>\n\n\t\t\t\t<\/div>\n\n\n                <!-- Filter by Year -->\n\t\t\t\t<div class=\"custom-dropdown custom-dropdown-list\" id=\"blog-year-filter-container\">\n\t\t\t\t\t<button class=\"dropdown-button\">\n\t\t\t\t\t\tAno                        <svg xmlns=\"http:\/\/www.w3.org\/2000\/svg\" width=\"24\" height=\"24\" fill=\"none\"><path fill=\"currentColor\" d=\"M16.59 8 12 12.58 7.41 8 6 9.41l6 6 6-6L16.59 8Z\"\/><\/svg>\n                    <\/button>\n\t\t\t\t\t<div class=\"dropdown-list-wrapper\">\n\t\t\t\t\t\t<div class=\"dropdown-list\">\n\t\t\t\t\t\t\t<div class='dropdown-list__year custom-dropdown-list__list'>\n\t\t\t\t\t\t\t\t\t\t\t\t\t\t\t<\/div>\n\n\t\t\t\t\t\t\t\t\t\t\t\t\t<\/div>\n\t\t\t\t\t<\/div>\n\n\t\t\t\t<\/div>\n            <\/div>\n            \n            <!-- Search Input -->\n            <div class='blog__input'>\n                <svg xmlns=\"http:\/\/www.w3.org\/2000\/svg\" width=\"16\" height=\"16\" fill=\"none\"><path fill=\"#003383\" fill-rule=\"evenodd\" d=\"M2.915 7.333a4.418 4.418 0 1 1 7.612 3.053.93.93 0 0 0-.14.141 4.418 4.418 0 0 1-7.471-3.194Zm8.142 5.018a6.248 6.248 0 1 1 1.294-1.294l2.296 2.296a.915.915 0 1 1-1.294 1.294l-2.296-2.296Z\" clip-rule=\"evenodd\"\/><\/svg>\n                <input type=\"text\" id=\"blog-search-filter\" placeholder=\"Buscar por palavras chave...\"  >\n            <\/div>\n        <\/div>\n\n        <div id=\"blog-posts-list\"><\/div>\n\n        <div id=\"blog-pagination-container\"><\/div>\n    <\/div>\n\n    <\/div>\n\t\t\t\t\t\t<\/div>\n\t\t\t\t<\/div>\n\t\t\t\t<\/div>\n\t\t\t\t\t<\/div>\n\t\t\t\t<\/div>\n\t\t<div class=\"elementor-element elementor-element-23ef568 e-flex e-con-boxed e-con e-parent\" data-id=\"23ef568\" data-element_type=\"container\">\n\t\t\t\t\t<div class=\"e-con-inner\">\n\t\t<div class=\"elementor-element elementor-element-f6e1cb1 e-con-full e-flex e-con e-child\" data-id=\"f6e1cb1\" data-element_type=\"container\">\n\t\t<div class=\"elementor-element elementor-element-7e11495 e-con-full blog__heading e-flex e-con e-child\" data-id=\"7e11495\" data-element_type=\"container\">\n\t\t\t\t<div class=\"elementor-element elementor-element-b8e52c6 elementor-widget elementor-widget-heading\" data-id=\"b8e52c6\" data-element_type=\"widget\" data-widget_type=\"heading.default\">\n\t\t\t\t<div class=\"elementor-widget-container\">\n\t\t\t\t\t<p class=\"elementor-heading-title elementor-size-default\">News<\/p>\t\t\t\t<\/div>\n\t\t\t\t<\/div>\n\t\t\t\t<div class=\"elementor-element elementor-element-692a6f5 elementor-widget elementor-widget-heading\" data-id=\"692a6f5\" data-element_type=\"widget\" data-widget_type=\"heading.default\">\n\t\t\t\t<div class=\"elementor-widget-container\">\n\t\t\t\t\t<p class=\"elementor-heading-title elementor-size-default\">PRESS<\/p>\t\t\t\t<\/div>\n\t\t\t\t<\/div>\n\t\t\t\t<\/div>\n\t\t\t\t<div class=\"elementor-element elementor-element-32ff15c elementor-widget__width-inherit elementor-widget elementor-widget-shortcode\" data-id=\"32ff15c\" data-element_type=\"widget\" data-widget_type=\"shortcode.default\">\n\t\t\t\t<div class=\"elementor-widget-container\">\n\t\t\t\t\t\t\t<div class=\"elementor-shortcode\">\n    <div id=\"blog--imprensa\">\n        <div id=\"blog--imprensa-filter-container\">\n            <div class='blog__dropdowns'>\n                <span class='blog__filter-by'>\n                    Filtrar por                <\/span>\n\n                <!-- Filter by Month -->\n                <div class=\"custom-dropdown custom-dropdown-list\" id=\"blog--imprensa-month-filter-container\">\n                    <button class=\"dropdown-button\" disabled>\n                        M\u00eas                        <svg xmlns=\"http:\/\/www.w3.org\/2000\/svg\" width=\"24\" height=\"24\" fill=\"none\">\n                            <path fill=\"currentColor\" d=\"M16.59 8 12 12.58 7.41 8 6 9.41l6 6 6-6L16.59 8Z\"\/>\n                        <\/svg>\n                    <\/button>\n                    <div class=\"dropdown-list-wrapper\">\n                        <div class=\"dropdown-list\">\n                            <div class='dropdown-list__month custom-dropdown-list__list'>\n                                                            <\/div>\n\n                                                    <\/div>\n                    <\/div>\n\n                <\/div>\n\n                <!-- Filter by Year -->\n                <div class=\"custom-dropdown custom-dropdown-list\" id=\"blog--imprensa-year-filter-container\">\n                    <button class=\"dropdown-button\" disabled>\n                        Ano                        <svg xmlns=\"http:\/\/www.w3.org\/2000\/svg\" width=\"24\" height=\"24\" fill=\"none\"><path fill=\"currentColor\" d=\"M16.59 8 12 12.58 7.41 8 6 9.41l6 6 6-6L16.59 8Z\"\/><\/svg>\n                    <\/button>\n                    <div class=\"dropdown-list-wrapper\">\n                        <div class=\"dropdown-list\">\n                            <div class='dropdown-list__year custom-dropdown-list__list'>\n                                                            <\/div>\n\n                                                    <\/div>\n                    <\/div>\n                <\/div>\n            <\/div>\n\n            <!-- Search Input -->\n            <div class='blog--imprensa-blog__input'>\n                <svg xmlns=\"http:\/\/www.w3.org\/2000\/svg\" width=\"16\" height=\"16\" fill=\"none\"><path fill=\"#003383\" fill-rule=\"evenodd\" d=\"M2.915 7.333a4.418 4.418 0 1 1 7.612 3.053.93.93 0 0 0-.14.141 4.418 4.418 0 0 1-7.471-3.194Zm8.142 5.018a6.248 6.248 0 1 1 1.294-1.294l2.296 2.296a.915.915 0 1 1-1.294 1.294l-2.296-2.296Z\" clip-rule=\"evenodd\"\/><\/svg>\n                <input type=\"text\" id=\"blog--imprensa-search-filter\" placeholder=\"Buscar por palavras chave...\" disabled>\n            <\/div>\n        <\/div>\n\n        <div id=\"blog--imprensa-posts-list\"><\/div>\n\n        <div id=\"blog--imprensa-pagination-container\"><\/div>\n    <\/div>\n\n    <\/div>\n\t\t\t\t\t\t<\/div>\n\t\t\t\t<\/div>\n\t\t\t\t<\/div>\n\t\t\t\t\t<\/div>\n\t\t\t\t<\/div>\n\t\t\t\t<\/div>\n\t\t","protected":false},"excerpt":{"rendered":"<p>Blog blog #master News PRESS<\/p>\n","protected":false},"author":1,"featured_media":0,"parent":0,"menu_order":0,"comment_status":"closed","ping_status":"closed","template":"","meta":{"_acf_changed":false,"footnotes":""},"class_list":["post-8773","page","type-page","status-publish","hentry"],"acf":[],"yoast_head":"<!-- This site is optimized with the Yoast SEO plugin v26.6 - https:\/\/yoast.com\/wordpress\/plugins\/seo\/ -->\n<title>Blog - Inova\u00e7\u00e3o em Alimentos e Bebidas | MasterSense<\/title>\n<meta name=\"robots\" content=\"index, follow, max-snippet:-1, max-image-preview:large, max-video-preview:-1\" \/>\n<link rel=\"canonical\" href=\"https:\/\/mastersense.com\/en\/blog\/\" \/>\n<meta property=\"og:locale\" content=\"en_US\" \/>\n<meta property=\"og:type\" content=\"article\" \/>\n<meta property=\"og:title\" content=\"MasterSense - Solu\u00e7\u00f5es em Ingredientes e Aromas\" \/>\n<meta property=\"og:description\" content=\"Designing the future through unforgettable flavours\" \/>\n<meta property=\"og:url\" content=\"https:\/\/mastersense.com\/en\/blog\/\" \/>\n<meta property=\"og:site_name\" content=\"Inova\u00e7\u00e3o em Alimentos e Bebidas | MasterSense\" \/>\n<meta property=\"article:modified_time\" content=\"2025-07-04T20:16:07+00:00\" \/>\n<meta property=\"og:image\" content=\"https:\/\/mastersense.com\/wp-content\/uploads\/2025\/12\/Share.webp\" \/>\n<meta name=\"twitter:card\" content=\"summary_large_image\" \/>\n<meta name=\"twitter:title\" content=\"MasterSense - Solu\u00e7\u00f5es em Ingredientes e Aromas\" \/>\n<meta name=\"twitter:description\" content=\"Designing the future through unforgettable flavours\" \/>\n<meta name=\"twitter:image\" content=\"https:\/\/stage-mastersense.fuerzastudio.com\/wp-content\/uploads\/2025\/05\/og-image-1024x576.jpg\" \/>\n<script type=\"application\/ld+json\" class=\"yoast-schema-graph\">{\"@context\":\"https:\/\/schema.org\",\"@graph\":[{\"@type\":\"WebPage\",\"@id\":\"https:\/\/mastersense.com\/en\/blog\/\",\"url\":\"https:\/\/mastersense.com\/en\/blog\/\",\"name\":\"Blog - Inova\u00e7\u00e3o em Alimentos e Bebidas | MasterSense\",\"isPartOf\":{\"@id\":\"https:\/\/mastersense.com\/en\/#website\"},\"datePublished\":\"2025-04-01T21:43:31+00:00\",\"dateModified\":\"2025-07-04T20:16:07+00:00\",\"breadcrumb\":{\"@id\":\"https:\/\/mastersense.com\/en\/blog\/#breadcrumb\"},\"inLanguage\":\"en-US\",\"potentialAction\":[{\"@type\":\"ReadAction\",\"target\":[\"https:\/\/mastersense.com\/en\/blog\/\"]}]},{\"@type\":\"BreadcrumbList\",\"@id\":\"https:\/\/mastersense.com\/en\/blog\/#breadcrumb\",\"itemListElement\":[{\"@type\":\"ListItem\",\"position\":1,\"name\":\"Home\",\"item\":\"https:\/\/mastersense.com\/en\/home\/\"},{\"@type\":\"ListItem\",\"position\":2,\"name\":\"Blog\"}]},{\"@type\":\"WebSite\",\"@id\":\"https:\/\/mastersense.com\/en\/#website\",\"url\":\"https:\/\/mastersense.com\/en\/\",\"name\":\"Master Sense\",\"description\":\"Criamos o futuro da alimenta\u00e7\u00e3o com solu\u00e7\u00f5es em ingredientes e aromas para marcas que querem inovar com sa\u00fade, sabor e performance.\",\"publisher\":{\"@id\":\"https:\/\/mastersense.com\/en\/#organization\"},\"potentialAction\":[{\"@type\":\"SearchAction\",\"target\":{\"@type\":\"EntryPoint\",\"urlTemplate\":\"https:\/\/mastersense.com\/en\/?s={search_term_string}\"},\"query-input\":{\"@type\":\"PropertyValueSpecification\",\"valueRequired\":true,\"valueName\":\"search_term_string\"}}],\"inLanguage\":\"en-US\"},{\"@type\":\"Organization\",\"@id\":\"https:\/\/mastersense.com\/en\/#organization\",\"name\":\"Master Sense\",\"url\":\"https:\/\/mastersense.com\/en\/\",\"logo\":{\"@type\":\"ImageObject\",\"inLanguage\":\"en-US\",\"@id\":\"https:\/\/mastersense.com\/en\/#\/schema\/logo\/image\/\",\"url\":\"https:\/\/mastersense.com\/wp-content\/uploads\/2025\/01\/Logo_fundo_colorido.svg\",\"contentUrl\":\"https:\/\/mastersense.com\/wp-content\/uploads\/2025\/01\/Logo_fundo_colorido.svg\",\"width\":208,\"height\":27,\"caption\":\"Master Sense\"},\"image\":{\"@id\":\"https:\/\/mastersense.com\/en\/#\/schema\/logo\/image\/\"}}]}<\/script>\n<!-- \/ Yoast SEO plugin. -->","yoast_head_json":{"title":"Blog - Inova\u00e7\u00e3o em Alimentos e Bebidas | MasterSense","robots":{"index":"index","follow":"follow","max-snippet":"max-snippet:-1","max-image-preview":"max-image-preview:large","max-video-preview":"max-video-preview:-1"},"canonical":"https:\/\/mastersense.com\/en\/blog\/","og_locale":"en_US","og_type":"article","og_title":"MasterSense - Solu\u00e7\u00f5es em Ingredientes e Aromas","og_description":"Designing the future through unforgettable flavours","og_url":"https:\/\/mastersense.com\/en\/blog\/","og_site_name":"Inova\u00e7\u00e3o em Alimentos e Bebidas | MasterSense","article_modified_time":"2025-07-04T20:16:07+00:00","og_image":[{"url":"https:\/\/mastersense.com\/wp-content\/uploads\/2025\/12\/Share.webp","type":"","width":"","height":""}],"twitter_card":"summary_large_image","twitter_title":"MasterSense - Solu\u00e7\u00f5es em Ingredientes e Aromas","twitter_description":"Designing the future through unforgettable flavours","twitter_image":"https:\/\/stage-mastersense.fuerzastudio.com\/wp-content\/uploads\/2025\/05\/og-image-1024x576.jpg","schema":{"@context":"https:\/\/schema.org","@graph":[{"@type":"WebPage","@id":"https:\/\/mastersense.com\/en\/blog\/","url":"https:\/\/mastersense.com\/en\/blog\/","name":"Blog - Inova\u00e7\u00e3o em Alimentos e Bebidas | MasterSense","isPartOf":{"@id":"https:\/\/mastersense.com\/en\/#website"},"datePublished":"2025-04-01T21:43:31+00:00","dateModified":"2025-07-04T20:16:07+00:00","breadcrumb":{"@id":"https:\/\/mastersense.com\/en\/blog\/#breadcrumb"},"inLanguage":"en-US","potentialAction":[{"@type":"ReadAction","target":["https:\/\/mastersense.com\/en\/blog\/"]}]},{"@type":"BreadcrumbList","@id":"https:\/\/mastersense.com\/en\/blog\/#breadcrumb","itemListElement":[{"@type":"ListItem","position":1,"name":"Home","item":"https:\/\/mastersense.com\/en\/home\/"},{"@type":"ListItem","position":2,"name":"Blog"}]},{"@type":"WebSite","@id":"https:\/\/mastersense.com\/en\/#website","url":"https:\/\/mastersense.com\/en\/","name":"Master Sense","description":"Criamos o futuro da alimenta\u00e7\u00e3o com solu\u00e7\u00f5es em ingredientes e aromas para marcas que querem inovar com sa\u00fade, sabor e performance.","publisher":{"@id":"https:\/\/mastersense.com\/en\/#organization"},"potentialAction":[{"@type":"SearchAction","target":{"@type":"EntryPoint","urlTemplate":"https:\/\/mastersense.com\/en\/?s={search_term_string}"},"query-input":{"@type":"PropertyValueSpecification","valueRequired":true,"valueName":"search_term_string"}}],"inLanguage":"en-US"},{"@type":"Organization","@id":"https:\/\/mastersense.com\/en\/#organization","name":"Master Sense","url":"https:\/\/mastersense.com\/en\/","logo":{"@type":"ImageObject","inLanguage":"en-US","@id":"https:\/\/mastersense.com\/en\/#\/schema\/logo\/image\/","url":"https:\/\/mastersense.com\/wp-content\/uploads\/2025\/01\/Logo_fundo_colorido.svg","contentUrl":"https:\/\/mastersense.com\/wp-content\/uploads\/2025\/01\/Logo_fundo_colorido.svg","width":208,"height":27,"caption":"Master Sense"},"image":{"@id":"https:\/\/mastersense.com\/en\/#\/schema\/logo\/image\/"}}]}},"_links":{"self":[{"href":"https:\/\/mastersense.com\/en\/wp-json\/wp\/v2\/pages\/8773","targetHints":{"allow":["GET"]}}],"collection":[{"href":"https:\/\/mastersense.com\/en\/wp-json\/wp\/v2\/pages"}],"about":[{"href":"https:\/\/mastersense.com\/en\/wp-json\/wp\/v2\/types\/page"}],"author":[{"embeddable":true,"href":"https:\/\/mastersense.com\/en\/wp-json\/wp\/v2\/users\/1"}],"replies":[{"embeddable":true,"href":"https:\/\/mastersense.com\/en\/wp-json\/wp\/v2\/comments?post=8773"}],"version-history":[{"count":1,"href":"https:\/\/mastersense.com\/en\/wp-json\/wp\/v2\/pages\/8773\/revisions"}],"predecessor-version":[{"id":10985,"href":"https:\/\/mastersense.com\/en\/wp-json\/wp\/v2\/pages\/8773\/revisions\/10985"}],"wp:attachment":[{"href":"https:\/\/mastersense.com\/en\/wp-json\/wp\/v2\/media?parent=8773"}],"curies":[{"name":"wp","href":"https:\/\/api.w.org\/{rel}","templated":true}]}}