{"id":8871,"date":"2025-05-20T09:11:06","date_gmt":"2025-05-20T12:11:06","guid":{"rendered":"https:\/\/stage-mastersense.fuerzastudio.com\/condiciones-de-uso\/"},"modified":"2025-06-24T09:29:07","modified_gmt":"2025-06-24T12:29:07","slug":"condiciones-de-uso","status":"publish","type":"page","link":"https:\/\/mastersense.com\/es\/condiciones-de-uso\/","title":{"rendered":"Condiciones de uso"},"content":{"rendered":"\t\t<div data-elementor-type=\"wp-page\" data-elementor-id=\"8871\" class=\"elementor elementor-8871 elementor-7413\" data-elementor-post-type=\"page\">\n\t\t\t\t<div class=\"elementor-element elementor-element-1b7fc76 privacy-policy e-flex e-con-boxed e-con e-parent\" data-id=\"1b7fc76\" data-element_type=\"container\">\n\t\t\t\t\t<div class=\"e-con-inner\">\n\t\t<div class=\"elementor-element elementor-element-943f03f e-con-full e-flex e-con e-child\" data-id=\"943f03f\" data-element_type=\"container\">\n\t\t\t\t<div class=\"elementor-element elementor-element-73b069f elementor-widget__width-initial elementor-widget-tablet__width-inherit elementor-widget elementor-widget-heading\" data-id=\"73b069f\" data-element_type=\"widget\" data-widget_type=\"heading.default\">\n\t\t\t\t<div class=\"elementor-widget-container\">\n\t\t\t\t\t<h1 class=\"elementor-heading-title elementor-size-default\">CONDICIONES DE USO<\/h1>\t\t\t\t<\/div>\n\t\t\t\t<\/div>\n\t\t\t\t<div class=\"elementor-element elementor-element-bd02beb text-content elementor-widget elementor-widget-text-editor\" data-id=\"bd02beb\" data-element_type=\"widget\" data-widget_type=\"text-editor.default\">\n\t\t\t\t<div class=\"elementor-widget-container\">\n\t\t\t\t\t\t\t\t\t<h2 data-start=\"130\" data-end=\"145\"><strong data-start=\"130\" data-end=\"145\">INFORMACI\u00d3N<\/strong><\/h2><p data-start=\"147\" data-end=\"217\"><a href=\"https:\/\/mastersense.com\/wp-content\/uploads\/2025\/06\/POLITICA-DE-TRATAMIENTO-DE-LA-INFORMACION-Y-PROTECCION-DE-DATOS-PERSONALES-MASTERSENSE-SAS.pdf\">Ver Pol\u00edtica de Protecci\u00f3n de Datos completa para MasterSense Colombia<\/a><\/p><p data-start=\"219\" data-end=\"500\">Respetamos su privacidad y esta Pol\u00edtica de privacidad explica c\u00f3mo recopilamos, usamos, divulgamos y protegemos su informaci\u00f3n cuando se comunica con nosotros. Por favor lea cuidadosamente. Si no est\u00e1 de acuerdo con los t\u00e9rminos de esta pol\u00edtica de privacidad, no acceda al sitio.<\/p><p data-start=\"502\" data-end=\"962\">Nos reservamos el derecho a realizar cambios en esta Pol\u00edtica de privacidad en cualquier momento y por cualquier motivo. Le notificaremos de cualquier cambio actualizando la fecha de \u00ab\u00daltima actualizaci\u00f3n\u00bb de este documento. Cualquier cambio o modificaci\u00f3n entrar\u00e1 en vigencia inmediatamente despu\u00e9s de la publicaci\u00f3n de la Pol\u00edtica de privacidad actualizada en el Sitio, y usted renuncia al derecho a recibir un aviso espec\u00edfico de cada cambio o modificaci\u00f3n.<\/p><p data-start=\"964\" data-end=\"1264\">Le recomendamos que revise peri\u00f3dicamente esta Pol\u00edtica de privacidad para mantenerse informado de las actualizaciones. Se considerar\u00e1 informado, sujeto y aceptado por los cambios a cualquier Pol\u00edtica de privacidad revisada por su uso continuado del Sitio despu\u00e9s de la fecha de publicaci\u00f3n revisada.<\/p><p data-start=\"1266\" data-end=\"1383\">Podemos recopilar informaci\u00f3n sobre usted de varias formas. La informaci\u00f3n que podemos recopilar en el sitio incluye:<\/p><h2 data-start=\"1385\" data-end=\"1405\"><strong data-start=\"1385\" data-end=\"1405\">DATOS PERSONALES<\/strong><\/h2><p data-start=\"1407\" data-end=\"2053\">Informaci\u00f3n de identificaci\u00f3n personal, como su nombre, direcci\u00f3n de correo electr\u00f3nico, n\u00famero de tel\u00e9fono e informaci\u00f3n demogr\u00e1fica, como su edad, sexo, ciudad natal e intereses, que nos proporciona voluntariamente [al solicitar una cotizaci\u00f3n (a trav\u00e9s del formulario, e-contact-mail o por el robot del sitio web), reg\u00edstrese en nuestro bolet\u00edn o cont\u00e1ctenos a trav\u00e9s de Whatsapp], es decir, cuando elija participar en diversas actividades relacionadas con el Sitio Web. No tiene la obligaci\u00f3n de proporcionarnos informaci\u00f3n personal de ning\u00fan tipo; sin embargo, su negativa a hacerlo puede impedirle utilizar determinadas funciones del Sitio.<\/p><h2 data-start=\"2055\" data-end=\"2074\"><strong data-start=\"2055\" data-end=\"2074\">DATOS DERIVADOS<\/strong><\/h2><p data-start=\"2076\" data-end=\"2880\">Informaci\u00f3n que nuestros servidores recopilan autom\u00e1ticamente cuando accede al Sitio, como su direcci\u00f3n IP, tipo de navegador, sistema operativo, tiempos de acceso y las p\u00e1ginas que vio directamente antes y despu\u00e9s de acceder al Sitio. Si accede al sitio a trav\u00e9s de un dispositivo m\u00f3vil, esta informaci\u00f3n tambi\u00e9n puede incluir el nombre y tipo de su dispositivo, su sistema operativo, su n\u00famero de tel\u00e9fono, su pa\u00eds, sus gustos y respuestas a una publicaci\u00f3n, y otras interacciones con nuestra aplicaci\u00f3n de redes sociales y otros usuarios a trav\u00e9s de archivos de registro del servidor, as\u00ed como cualquier otra informaci\u00f3n que elija para proporcionar acceso a cada permiso individual. Para obtener m\u00e1s informaci\u00f3n sobre los permisos de Facebook, consulte la p\u00e1gina de referencia de permisos de Facebook.<\/p><h2 data-start=\"2882\" data-end=\"2907\"><strong data-start=\"2882\" data-end=\"2907\">USO DE SU INFORMACI\u00d3N<\/strong><\/h2><p data-start=\"2909\" data-end=\"3116\">Tener informaci\u00f3n precisa sobre usted nos permite brindarle una experiencia fluida, eficiente y personalizada. Espec\u00edficamente, podemos utilizar la informaci\u00f3n recopilada sobre usted a trav\u00e9s del Sitio para:<\/p><ul><li data-start=\"2909\" data-end=\"3116\">Gestionar sorteos, promociones y concursos.<\/li><li data-start=\"2909\" data-end=\"3116\">Ayudar a la polic\u00eda y responder a citaciones.<\/li><li data-start=\"2909\" data-end=\"3116\">Entregarle publicidad dirigida, cupones, boletines y otra informaci\u00f3n sobre promociones y el Sitio.<\/li><li data-start=\"2909\" data-end=\"3116\">Env\u00ede un correo electr\u00f3nico sobre su cuenta.<\/li><li data-start=\"2909\" data-end=\"3116\">Incrementar la eficiencia y operaci\u00f3n del Sitio.<\/li><li data-start=\"2909\" data-end=\"3116\">Supervise y analice el uso y las tendencias para mejorar su experiencia con el Sitio.<\/li><li data-start=\"2909\" data-end=\"3116\">Notificarle las actualizaciones del sitio.<\/li><li data-start=\"2909\" data-end=\"3116\">Ofrecerle nuevos productos, servicios y\/o recomendaciones.<\/li><li data-start=\"2909\" data-end=\"3116\">Realice otras actividades comerciales seg\u00fan sea necesario.<\/li><li data-start=\"2909\" data-end=\"3116\">Evite transacciones fraudulentas, controle el robo y prot\u00e9jase contra la actividad delictiva.<\/li><li data-start=\"2909\" data-end=\"3116\">Solicite comentarios y comun\u00edquese con usted sobre su uso del Sitio.<\/li><li data-start=\"2909\" data-end=\"3116\">Resolver disputas y resolver problemas.<\/li><li data-start=\"2909\" data-end=\"3116\">Responder a las solicitudes de servicio al cliente.<\/li><li data-start=\"2909\" data-end=\"3116\">Env\u00ede un bolet\u00edn de noticias.<\/li><li data-start=\"2909\" data-end=\"3116\">Solicite soporte para el sitio.<\/li><\/ul><h2 data-start=\"3997\" data-end=\"4030\"><strong data-start=\"3997\" data-end=\"4030\">DIVULGACI\u00d3N DE SU INFORMACI\u00d3N<\/strong><\/h2><p data-start=\"4032\" data-end=\"4178\">Podemos compartir la informaci\u00f3n que recopilamos sobre usted en determinadas situaciones. Su informaci\u00f3n se puede divulgar de la siguiente manera:<\/p><h2 data-start=\"4180\" data-end=\"4216\"><strong data-start=\"4180\" data-end=\"4216\">POR LEY O PARA PROTEGER DERECHOS<\/strong><\/h2><p data-start=\"4218\" data-end=\"4695\">Si creemos que la divulgaci\u00f3n de informaci\u00f3n sobre usted es necesaria para responder a un proceso legal, para investigar o remediar posibles violaciones de nuestras pol\u00edticas, o para proteger los derechos, la propiedad y la seguridad de otros, podemos compartir su informaci\u00f3n seg\u00fan lo permita o requiera cualquier ley, norma o reglamento aplicable. Esto incluye el intercambio de informaci\u00f3n con otras entidades para protegerse contra el fraude y reducir el riesgo crediticio.<\/p><h2 data-start=\"4697\" data-end=\"4723\"><strong data-start=\"4697\" data-end=\"4723\">PUBLICACIONES EN L\u00cdNEA<\/strong><\/h2><p data-start=\"4725\" data-end=\"4984\">Cuando publica comentarios, contribuciones u otro contenido en el Sitio [o en nuestras redes sociales], sus publicaciones pueden ser vistas por todos los usuarios y pueden distribuirse p\u00fablicamente fuera del Sitio [y en nuestras redes sociales] a perpetuidad.<\/p><h2 data-start=\"4986\" data-end=\"5017\"><strong data-start=\"4986\" data-end=\"5017\">CONTACTOS DE REDES SOCIALES<\/strong><\/h2><p data-start=\"5019\" data-end=\"5165\">Si se conecta al Sitio a trav\u00e9s de una red social, sus contactos en la red social ver\u00e1n su nombre, foto de perfil y descripciones de su actividad.<\/p><h2 data-start=\"5167\" data-end=\"5185\"><strong data-start=\"5167\" data-end=\"5185\">OTROS TERCEROS<\/strong><\/h2><p data-start=\"5187\" data-end=\"5406\">Podemos compartir su informaci\u00f3n con anunciantes e inversores con el fin de realizar an\u00e1lisis comerciales generales. Tambi\u00e9n podemos compartir su informaci\u00f3n con terceros con fines de marketing, seg\u00fan lo permita la ley.<\/p><h2 data-start=\"5408\" data-end=\"5427\"><strong data-start=\"5408\" data-end=\"5427\">VENTA O QUIEBRA<\/strong><\/h2><p data-start=\"5429\" data-end=\"5908\">Si reorganizamos o vendemos todo o parte de nuestros activos, nos sometemos a una fusi\u00f3n o somos adquiridos por otra entidad, podemos transferir su informaci\u00f3n a la entidad sucesora. Si cerramos nuestras puertas o nos declaramos en quiebra, su informaci\u00f3n ser\u00e1 un activo transferido o adquirido por un tercero. Usted reconoce que tales transferencias pueden ocurrir y que el cesionario puede negarse a cumplir con los compromisos que hemos asumido en esta Pol\u00edtica de privacidad.<\/p><h2 data-start=\"5910\" data-end=\"5941\"><strong data-start=\"5910\" data-end=\"5941\">TECNOLOG\u00cdAS DE RASTREAMENTO<\/strong><\/h2><h2 data-start=\"5943\" data-end=\"5968\"><strong data-start=\"5943\" data-end=\"5968\">COOKIES Y BALIZAS WEB<\/strong><\/h2><p data-start=\"5970\" data-end=\"6755\">Podemos utilizar cookies, balizas web, p\u00edxeles de seguimiento y otras tecnolog\u00edas de seguimiento en el Sitio para ayudar a personalizar el Sitio y mejorar su experiencia. Cuando accede al Sitio, su informaci\u00f3n personal no se recopila mediante el uso de tecnolog\u00eda de seguimiento. La mayor\u00eda de los navegadores est\u00e1n configurados para aceptar cookies de forma predeterminada. Puede eliminar o rechazar las cookies, pero tenga en cuenta que dicha acci\u00f3n puede afectar la disponibilidad y funcionalidad del Sitio. No puede rechazar las balizas web. Sin embargo, pueden volverse ineficaces al rechazar todas las cookies o al modificar la configuraci\u00f3n de su navegador web para notificarle cada vez que se ofrece una cookie, lo que le permite aceptar o rechazar las cookies individualmente.<\/p><h2 data-start=\"6757\" data-end=\"6779\"><strong data-start=\"6757\" data-end=\"6779\">SITIOS DE TERCEROS<\/strong><\/h2><p data-start=\"6781\" data-end=\"7674\">El Sitio puede contener enlaces a sitios web de terceros y aplicaciones de inter\u00e9s, incluidos anuncios y servicios externos, que no est\u00e1n afiliados a nosotros. Una vez que utilice estos enlaces para salir del Sitio, cualquier informaci\u00f3n que proporcione a estos terceros no estar\u00e1 cubierta por esta Pol\u00edtica de privacidad y no podemos garantizar la seguridad y privacidad de su informaci\u00f3n. Antes de visitar y proporcionar informaci\u00f3n a sitios web de terceros, debe informarse sobre las pol\u00edticas y pr\u00e1cticas de privacidad (si las hubiera) del tercero responsable de ese sitio web y debe tomar las medidas necesarias para, a su entera discreci\u00f3n, proteger la privacidad de su informaci\u00f3n. No somos responsables del contenido o las pr\u00e1cticas y pol\u00edticas de privacidad y seguridad de terceros, incluidos otros sitios web, servicios o aplicaciones que pueden estar vinculados al Sitio o desde \u00e9l.<\/p><h2 data-start=\"7676\" data-end=\"7707\"><strong data-start=\"7676\" data-end=\"7707\">SEGURIDAD DE SU INFORMACI\u00d3N<\/strong><\/h2><p data-start=\"7709\" data-end=\"8381\">Usamos medidas de seguridad administrativas, t\u00e9cnicas y f\u00edsicas para ayudar a proteger su informaci\u00f3n personal. Si bien hemos tomado medidas razonables para proteger la informaci\u00f3n personal que nos proporciona, tenga en cuenta que, a pesar de nuestros mejores esfuerzos, ninguna medida de seguridad es perfecta o impenetrable y ning\u00fan m\u00e9todo de transmisi\u00f3n de datos puede garantizarse contra cualquier interceptaci\u00f3n u otro tipo de uso indebido. Cualquier informaci\u00f3n divulgada en l\u00ednea es vulnerable a la interceptaci\u00f3n y el uso indebido por parte de terceros no autorizados. Por lo tanto, no podemos garantizar una seguridad completa si proporciona informaci\u00f3n personal.<\/p><h2 data-start=\"8383\" data-end=\"8434\"><strong data-start=\"8383\" data-end=\"8434\">CONTROLES PARA LAS CARACTER\u00cdSTICAS DE NO SEGUIR<\/strong><\/h2><p data-start=\"8436\" data-end=\"9581\">La mayor\u00eda de los navegadores web y algunos sistemas operativos m\u00f3viles incluyen una funci\u00f3n o configuraci\u00f3n de No rastrear (\u201cDNT\u201d) que puede activar para indicar su preferencia de privacidad para que no se controlen y recopilen datos sobre sus actividades de navegaci\u00f3n en l\u00ednea. No se han finalizado est\u00e1ndares tecnol\u00f3gicos uniformes para reconocer e implementar se\u00f1ales DNT. Como tal, actualmente no respondemos a las se\u00f1ales del navegador DNT o cualquier otro mecanismo que comunique autom\u00e1ticamente su elecci\u00f3n de no ser rastreado en l\u00ednea. Si se adopta un est\u00e1ndar de seguimiento en l\u00ednea que debemos seguir en el futuro, le informaremos de esta pr\u00e1ctica en una versi\u00f3n revisada de esta Pol\u00edtica de privacidad. La mayor\u00eda de los navegadores web y algunos sistemas operativos m\u00f3viles [y nuestras aplicaciones m\u00f3viles] incluyen una funci\u00f3n Do \u2013 Feature o una configuraci\u00f3n sin seguimiento (\u00abDNT\u00bb) que puede activar para indicar su preferencia de privacidad para no tener datos sobre sus actividades de navegaci\u00f3n en l\u00ednea monitoreados y recopilados. Si configura la se\u00f1al DNT en su navegador, responderemos a estas se\u00f1ales DNT del navegador.<\/p><h2 data-start=\"9583\" data-end=\"9625\"><strong data-start=\"9583\" data-end=\"9625\">OPCIONES CON RESPECTO A SU INFORMACI\u00d3N<\/strong><\/h2><h2 data-start=\"9627\" data-end=\"9668\"><strong data-start=\"9627\" data-end=\"9668\">CORREOS ELECTR\u00d4NICOS Y COMUNICACIONES<\/strong><\/h2><p data-start=\"9670\" data-end=\"9815\">Si ya no desea recibir correspondencia, correos electr\u00f3nicos u otras comunicaciones de nuestra parte, puede darse de baja de la siguiente manera:<\/p><p data-start=\"9817\" data-end=\"10058\">Eliminaci\u00f3n del registro, directamente en el correo electr\u00f3nico recibido, en el enlace en la parte inferior de cada correo electr\u00f3nico enviado; Comun\u00edquese con nosotros utilizando la informaci\u00f3n de contacto que se proporciona a continuaci\u00f3n.<\/p><p data-start=\"10060\" data-end=\"10201\">Si ya no desea recibir correspondencia, correos electr\u00f3nicos u otras comunicaciones de terceros, es responsable de contactarlos directamente.<\/p><h2 data-start=\"10203\" data-end=\"10218\"><strong data-start=\"10203\" data-end=\"10218\">CONT\u00c1CTENOS<\/strong><\/h2><p data-start=\"10220\" data-end=\"10313\">Si tiene preguntas o comentarios sobre esta Pol\u00edtica de privacidad, comun\u00edquese con nosotros.<\/p>\t\t\t\t\t\t\t\t<\/div>\n\t\t\t\t<\/div>\n\t\t\t\t<\/div>\n\t\t\t\t\t<\/div>\n\t\t\t\t<\/div>\n\t\t\t\t<\/div>\n\t\t","protected":false},"excerpt":{"rendered":"<p>CONDICIONES DE USO INFORMACI\u00d3N Ver Pol\u00edtica de Protecci\u00f3n de Datos completa para MasterSense Colombia Respetamos su privacidad y esta Pol\u00edtica de privacidad explica c\u00f3mo recopilamos, usamos, divulgamos y protegemos su informaci\u00f3n cuando se comunica con nosotros. Por favor lea cuidadosamente. Si no est\u00e1 de acuerdo con los t\u00e9rminos de esta pol\u00edtica de privacidad, no acceda [&hellip;]<\/p>\n","protected":false},"author":1,"featured_media":0,"parent":0,"menu_order":0,"comment_status":"closed","ping_status":"closed","template":"","meta":{"_acf_changed":false,"footnotes":""},"class_list":["post-8871","page","type-page","status-publish","hentry"],"acf":[],"yoast_head":"<!-- This site is optimized with the Yoast SEO plugin v26.6 - https:\/\/yoast.com\/wordpress\/plugins\/seo\/ -->\n<title>Condiciones de uso - Inova\u00e7\u00e3o em Alimentos e Bebidas | MasterSense<\/title>\n<meta name=\"robots\" content=\"index, follow, max-snippet:-1, max-image-preview:large, max-video-preview:-1\" \/>\n<link rel=\"canonical\" href=\"https:\/\/mastersense.com\/es\/condiciones-de-uso\/\" \/>\n<meta property=\"og:locale\" content=\"es_ES\" \/>\n<meta property=\"og:type\" content=\"article\" \/>\n<meta property=\"og:title\" content=\"MasterSense - Soluciones de ingredientes y sabores\" \/>\n<meta property=\"og:description\" content=\"Dise\u00f1ando el futuro a trav\u00e9s de sabores inolvidables\" \/>\n<meta property=\"og:url\" content=\"https:\/\/mastersense.com\/es\/condiciones-de-uso\/\" \/>\n<meta property=\"og:site_name\" content=\"Inova\u00e7\u00e3o em Alimentos e Bebidas | MasterSense\" \/>\n<meta property=\"article:modified_time\" content=\"2025-06-24T12:29:07+00:00\" \/>\n<meta property=\"og:image\" content=\"https:\/\/mastersense.com\/wp-content\/uploads\/2025\/12\/Share.webp\" \/>\n<meta name=\"twitter:card\" content=\"summary_large_image\" \/>\n<meta name=\"twitter:title\" content=\"MasterSense - Soluciones de ingredientes y sabores\" \/>\n<meta name=\"twitter:description\" content=\"Dise\u00f1ando el futuro a trav\u00e9s de sabores inolvidables\" \/>\n<meta name=\"twitter:image\" content=\"https:\/\/stage-mastersense.fuerzastudio.com\/wp-content\/uploads\/2025\/05\/og-image-1024x576.jpg\" \/>\n<meta name=\"twitter:label1\" content=\"Tiempo de lectura\" \/>\n\t<meta name=\"twitter:data1\" content=\"7 minutos\" \/>\n<script type=\"application\/ld+json\" class=\"yoast-schema-graph\">{\"@context\":\"https:\/\/schema.org\",\"@graph\":[{\"@type\":\"WebPage\",\"@id\":\"https:\/\/mastersense.com\/es\/condiciones-de-uso\/\",\"url\":\"https:\/\/mastersense.com\/es\/condiciones-de-uso\/\",\"name\":\"Condiciones de uso - Inova\u00e7\u00e3o em Alimentos e Bebidas | MasterSense\",\"isPartOf\":{\"@id\":\"https:\/\/mastersense.com\/es\/#website\"},\"datePublished\":\"2025-05-20T12:11:06+00:00\",\"dateModified\":\"2025-06-24T12:29:07+00:00\",\"breadcrumb\":{\"@id\":\"https:\/\/mastersense.com\/es\/condiciones-de-uso\/#breadcrumb\"},\"inLanguage\":\"es\",\"potentialAction\":[{\"@type\":\"ReadAction\",\"target\":[\"https:\/\/mastersense.com\/es\/condiciones-de-uso\/\"]}]},{\"@type\":\"BreadcrumbList\",\"@id\":\"https:\/\/mastersense.com\/es\/condiciones-de-uso\/#breadcrumb\",\"itemListElement\":[{\"@type\":\"ListItem\",\"position\":1,\"name\":\"Home\",\"item\":\"https:\/\/mastersense.com\/es\/home\/\"},{\"@type\":\"ListItem\",\"position\":2,\"name\":\"Condiciones de uso\"}]},{\"@type\":\"WebSite\",\"@id\":\"https:\/\/mastersense.com\/es\/#website\",\"url\":\"https:\/\/mastersense.com\/es\/\",\"name\":\"Master Sense\",\"description\":\"Criamos o futuro da alimenta\u00e7\u00e3o com solu\u00e7\u00f5es em ingredientes e aromas para marcas que querem inovar com sa\u00fade, sabor e performance.\",\"publisher\":{\"@id\":\"https:\/\/mastersense.com\/es\/#organization\"},\"potentialAction\":[{\"@type\":\"SearchAction\",\"target\":{\"@type\":\"EntryPoint\",\"urlTemplate\":\"https:\/\/mastersense.com\/es\/?s={search_term_string}\"},\"query-input\":{\"@type\":\"PropertyValueSpecification\",\"valueRequired\":true,\"valueName\":\"search_term_string\"}}],\"inLanguage\":\"es\"},{\"@type\":\"Organization\",\"@id\":\"https:\/\/mastersense.com\/es\/#organization\",\"name\":\"Master Sense\",\"url\":\"https:\/\/mastersense.com\/es\/\",\"logo\":{\"@type\":\"ImageObject\",\"inLanguage\":\"es\",\"@id\":\"https:\/\/mastersense.com\/es\/#\/schema\/logo\/image\/\",\"url\":\"https:\/\/mastersense.com\/wp-content\/uploads\/2025\/01\/Logo_fundo_colorido.svg\",\"contentUrl\":\"https:\/\/mastersense.com\/wp-content\/uploads\/2025\/01\/Logo_fundo_colorido.svg\",\"width\":208,\"height\":27,\"caption\":\"Master Sense\"},\"image\":{\"@id\":\"https:\/\/mastersense.com\/es\/#\/schema\/logo\/image\/\"}}]}<\/script>\n<!-- \/ Yoast SEO plugin. -->","yoast_head_json":{"title":"Condiciones de uso - Inova\u00e7\u00e3o em Alimentos e Bebidas | MasterSense","robots":{"index":"index","follow":"follow","max-snippet":"max-snippet:-1","max-image-preview":"max-image-preview:large","max-video-preview":"max-video-preview:-1"},"canonical":"https:\/\/mastersense.com\/es\/condiciones-de-uso\/","og_locale":"es_ES","og_type":"article","og_title":"MasterSense - Soluciones de ingredientes y sabores","og_description":"Dise\u00f1ando el futuro a trav\u00e9s de sabores inolvidables","og_url":"https:\/\/mastersense.com\/es\/condiciones-de-uso\/","og_site_name":"Inova\u00e7\u00e3o em Alimentos e Bebidas | MasterSense","article_modified_time":"2025-06-24T12:29:07+00:00","og_image":[{"url":"https:\/\/mastersense.com\/wp-content\/uploads\/2025\/12\/Share.webp","type":"","width":"","height":""}],"twitter_card":"summary_large_image","twitter_title":"MasterSense - Soluciones de ingredientes y sabores","twitter_description":"Dise\u00f1ando el futuro a trav\u00e9s de sabores inolvidables","twitter_image":"https:\/\/stage-mastersense.fuerzastudio.com\/wp-content\/uploads\/2025\/05\/og-image-1024x576.jpg","twitter_misc":{"Tiempo de lectura":"7 minutos"},"schema":{"@context":"https:\/\/schema.org","@graph":[{"@type":"WebPage","@id":"https:\/\/mastersense.com\/es\/condiciones-de-uso\/","url":"https:\/\/mastersense.com\/es\/condiciones-de-uso\/","name":"Condiciones de uso - Inova\u00e7\u00e3o em Alimentos e Bebidas | MasterSense","isPartOf":{"@id":"https:\/\/mastersense.com\/es\/#website"},"datePublished":"2025-05-20T12:11:06+00:00","dateModified":"2025-06-24T12:29:07+00:00","breadcrumb":{"@id":"https:\/\/mastersense.com\/es\/condiciones-de-uso\/#breadcrumb"},"inLanguage":"es","potentialAction":[{"@type":"ReadAction","target":["https:\/\/mastersense.com\/es\/condiciones-de-uso\/"]}]},{"@type":"BreadcrumbList","@id":"https:\/\/mastersense.com\/es\/condiciones-de-uso\/#breadcrumb","itemListElement":[{"@type":"ListItem","position":1,"name":"Home","item":"https:\/\/mastersense.com\/es\/home\/"},{"@type":"ListItem","position":2,"name":"Condiciones de uso"}]},{"@type":"WebSite","@id":"https:\/\/mastersense.com\/es\/#website","url":"https:\/\/mastersense.com\/es\/","name":"Master Sense","description":"Criamos o futuro da alimenta\u00e7\u00e3o com solu\u00e7\u00f5es em ingredientes e aromas para marcas que querem inovar com sa\u00fade, sabor e performance.","publisher":{"@id":"https:\/\/mastersense.com\/es\/#organization"},"potentialAction":[{"@type":"SearchAction","target":{"@type":"EntryPoint","urlTemplate":"https:\/\/mastersense.com\/es\/?s={search_term_string}"},"query-input":{"@type":"PropertyValueSpecification","valueRequired":true,"valueName":"search_term_string"}}],"inLanguage":"es"},{"@type":"Organization","@id":"https:\/\/mastersense.com\/es\/#organization","name":"Master Sense","url":"https:\/\/mastersense.com\/es\/","logo":{"@type":"ImageObject","inLanguage":"es","@id":"https:\/\/mastersense.com\/es\/#\/schema\/logo\/image\/","url":"https:\/\/mastersense.com\/wp-content\/uploads\/2025\/01\/Logo_fundo_colorido.svg","contentUrl":"https:\/\/mastersense.com\/wp-content\/uploads\/2025\/01\/Logo_fundo_colorido.svg","width":208,"height":27,"caption":"Master Sense"},"image":{"@id":"https:\/\/mastersense.com\/es\/#\/schema\/logo\/image\/"}}]}},"_links":{"self":[{"href":"https:\/\/mastersense.com\/es\/wp-json\/wp\/v2\/pages\/8871","targetHints":{"allow":["GET"]}}],"collection":[{"href":"https:\/\/mastersense.com\/es\/wp-json\/wp\/v2\/pages"}],"about":[{"href":"https:\/\/mastersense.com\/es\/wp-json\/wp\/v2\/types\/page"}],"author":[{"embeddable":true,"href":"https:\/\/mastersense.com\/es\/wp-json\/wp\/v2\/users\/1"}],"replies":[{"embeddable":true,"href":"https:\/\/mastersense.com\/es\/wp-json\/wp\/v2\/comments?post=8871"}],"version-history":[{"count":1,"href":"https:\/\/mastersense.com\/es\/wp-json\/wp\/v2\/pages\/8871\/revisions"}],"predecessor-version":[{"id":10083,"href":"https:\/\/mastersense.com\/es\/wp-json\/wp\/v2\/pages\/8871\/revisions\/10083"}],"wp:attachment":[{"href":"https:\/\/mastersense.com\/es\/wp-json\/wp\/v2\/media?parent=8871"}],"curies":[{"name":"wp","href":"https:\/\/api.w.org\/{rel}","templated":true}]}}